{"id":52,"date":"2012-05-13T13:57:57","date_gmt":"2012-05-13T13:57:57","guid":{"rendered":"http:\/\/novo.jf-travancadelagos.pt\/?page_id=52"},"modified":"2012-05-13T13:57:57","modified_gmt":"2012-05-13T13:57:57","slug":"cemiterios","status":"publish","type":"page","link":"https:\/\/www.jf-travancadelagos.pt\/index.php\/servicos\/cemiterios\/","title":{"rendered":"Cemit\u00e9rios"},"content":{"rendered":"<h2>Cemit\u00e9rios<\/h2>\n<p>A Freguesia possui tr\u00eas cemit\u00e9rios todos sobre a sua administra\u00e7\u00e3o, Andorinha, Negrelos e Travanca de Lagos.<\/p>\n<table width=\"100%\" cellspacing=\"0\" cellpadding=\"0\">\n<tbody>\n<tr>\n<td>Taxas dos Cemit\u00e9rios<\/td>\n<td><\/td>\n<\/tr>\n<tr>\n<td><strong>Para inuma\u00e7\u00e3o \/ exuma\u00e7\u00e3o <\/strong><\/td>\n<td>25\u20ac<\/td>\n<\/tr>\n<tr>\n<td><strong>Limpeza de Sepulturas, da conta dos Propriet\u00e1rios<\/strong><\/td>\n<td>50\u20ac<\/td>\n<\/tr>\n<tr>\n<td><strong>Pintura de grades de sepulturas nos cemit\u00e9rios da conta dos propriet\u00e1rios <\/strong><\/td>\n<td>75\u20ac<\/td>\n<\/tr>\n<tr>\n<td><strong>Taxa de utiliza\u00e7\u00e3o da Casa Mortu\u00e1ria <\/strong><\/td>\n<td>75\u20ac<\/td>\n<\/tr>\n<tr>\n<td><strong>Vendas de terrenos para sepulturas<\/strong><\/td>\n<td>500\u20ac<\/td>\n<\/tr>\n<\/tbody>\n<\/table>\n<p>Consulte o Regulamento de Cemit\u00e9rios: <a href=\"http:\/\/novo.jf-travancadelagos.pt\/wp-content\/uploads\/2012\/05\/cemiterios.pdf\">cemiterios<\/a><\/p>\n","protected":false},"excerpt":{"rendered":"<p>Cemit\u00e9rios A Freguesia possui tr\u00eas cemit\u00e9rios todos sobre a sua administra\u00e7\u00e3o, Andorinha, Negrelos e Travanca de Lagos. Taxas dos Cemit\u00e9rios Para inuma\u00e7\u00e3o \/ exuma\u00e7\u00e3o 25\u20ac Limpeza de Sepulturas, da conta dos Propriet\u00e1rios 50\u20ac Pintura de grades de sepulturas nos cemit\u00e9rios da conta dos propriet\u00e1rios 75\u20ac Taxa de utiliza\u00e7\u00e3o da Casa Mortu\u00e1ria 75\u20ac Vendas de terrenos [&hellip;]<\/p>\n","protected":false},"author":1,"featured_media":0,"parent":42,"menu_order":5,"comment_status":"open","ping_status":"open","template":"","meta":{"ngg_post_thumbnail":0},"_links":{"self":[{"href":"https:\/\/www.jf-travancadelagos.pt\/index.php\/wp-json\/wp\/v2\/pages\/52"}],"collection":[{"href":"https:\/\/www.jf-travancadelagos.pt\/index.php\/wp-json\/wp\/v2\/pages"}],"about":[{"href":"https:\/\/www.jf-travancadelagos.pt\/index.php\/wp-json\/wp\/v2\/types\/page"}],"author":[{"embeddable":true,"href":"https:\/\/www.jf-travancadelagos.pt\/index.php\/wp-json\/wp\/v2\/users\/1"}],"replies":[{"embeddable":true,"href":"https:\/\/www.jf-travancadelagos.pt\/index.php\/wp-json\/wp\/v2\/comments?post=52"}],"version-history":[{"count":1,"href":"https:\/\/www.jf-travancadelagos.pt\/index.php\/wp-json\/wp\/v2\/pages\/52\/revisions"}],"predecessor-version":[{"id":54,"href":"https:\/\/www.jf-travancadelagos.pt\/index.php\/wp-json\/wp\/v2\/pages\/52\/revisions\/54"}],"up":[{"embeddable":true,"href":"https:\/\/www.jf-travancadelagos.pt\/index.php\/wp-json\/wp\/v2\/pages\/42"}],"wp:attachment":[{"href":"https:\/\/www.jf-travancadelagos.pt\/index.php\/wp-json\/wp\/v2\/media?parent=52"}],"curies":[{"name":"wp","href":"https:\/\/api.w.org\/{rel}","templated":true}]}}