{"id":73,"date":"2012-05-13T14:09:13","date_gmt":"2012-05-13T14:09:13","guid":{"rendered":"http:\/\/novo.jf-travancadelagos.pt\/?page_id=73"},"modified":"2012-05-13T14:09:13","modified_gmt":"2012-05-13T14:09:13","slug":"colectividades","status":"publish","type":"page","link":"https:\/\/www.jf-travancadelagos.pt\/index.php\/informacoes\/colectividades\/","title":{"rendered":"Colectividades"},"content":{"rendered":"<h2>Colectividades<\/h2>\n<table width=\"100%\" cellspacing=\"0\" cellpadding=\"0\">\n<tbody>\n<tr>\n<td align=\"center\" valign=\"top\"><\/td>\n<td>\n<h5>Associa\u00e7\u00e3o Desportiva de Travanca de Lagos<\/h5>\n<p><strong>Morada: <\/strong><br \/>\n<strong>Telefone: <\/strong><br \/>\n<strong>Email: <\/strong> <a id=\"ctl00_ContentPlaceHolder1_rpt_colectividades_ctl00_hpl_email\" href=\"mailto:adtl@jf-travancadelagos.pt\" target=\"_blank\">adtl@jf-travancadelagos.pt<\/a><br \/>\n<strong>URL: <\/strong><br \/>\n<strong>Descri\u00e7\u00e3o: <\/strong><\/td>\n<\/tr>\n<tr>\n<td align=\"center\" valign=\"top\"><\/td>\n<td>\n<h5>Liga de Iniciativa e Melhoramento de Travanca de Lagos<\/h5>\n<p><strong>Morada: <\/strong><br \/>\n<strong>Telefone: <\/strong><br \/>\n<strong>Email: <\/strong> <a id=\"ctl00_ContentPlaceHolder1_rpt_colectividades_ctl01_hpl_email\" href=\"mailto:limtl@jf-travancadelagos.pt\" target=\"_blank\">limtl@jf-travancadelagos.pt<\/a><br \/>\n<strong>URL: <\/strong><br \/>\n<strong>Descri\u00e7\u00e3o: <\/strong><\/td>\n<\/tr>\n<tr>\n<td align=\"center\" valign=\"top\"><\/td>\n<td>\n<h5>Grupo Dinamizador e cultural de Travanca de Lagos<\/h5>\n<p><strong>Morada: <\/strong><br \/>\n<strong>Telefone: <\/strong><br \/>\n<strong>Email: <\/strong> <a id=\"ctl00_ContentPlaceHolder1_rpt_colectividades_ctl02_hpl_email\" href=\"mailto:gdctl@jf-travancadelagos.pt\" target=\"_blank\">gdctl@jf-travancadelagos.pt<\/a><br \/>\n<strong>URL: <\/strong><br \/>\n<strong>Descri\u00e7\u00e3o: <\/strong><\/td>\n<\/tr>\n<tr>\n<td align=\"center\" valign=\"top\"><\/td>\n<td>\n<h5>Liga de Melhoramentos de Andorinha<\/h5>\n<p><strong>Morada: <\/strong><br \/>\n<strong>Telefone: <\/strong><br \/>\n<strong>Email: <\/strong> <a id=\"ctl00_ContentPlaceHolder1_rpt_colectividades_ctl03_hpl_email\" href=\"mailto:lma@jf-travancadelagos.pt\" target=\"_blank\">lma@jf-travancadelagos.pt<\/a><br \/>\n<strong>URL: <\/strong><br \/>\n<strong>Descri\u00e7\u00e3o: <\/strong><\/td>\n<\/tr>\n<tr>\n<td align=\"center\" valign=\"top\"><\/td>\n<td>\n<h5>Comiss\u00e3o de Melhoramentos de Negrelos<\/h5>\n<p><strong>Morada: <\/strong><br \/>\n<strong>Telefone: <\/strong><br \/>\n<strong>Email: <\/strong> <a id=\"ctl00_ContentPlaceHolder1_rpt_colectividades_ctl04_hpl_email\" href=\"mailto:cmn@jf-travancadelagos.pt\" target=\"_blank\">cmn@jf-travancadelagos.pt<\/a><br \/>\n<strong>URL: <\/strong><br \/>\n<strong>Descri\u00e7\u00e3o: <\/strong><\/td>\n<\/tr>\n<tr>\n<td align=\"center\" valign=\"top\"><img id=\"ctl00_ContentPlaceHolder1_rpt_colectividades_ctl05_img_imagem\" src=\"http:\/\/www.jf-travancadelagos.pt\/imagens0\/colectividades\/14.jpg\" alt=\"\" \/><\/td>\n<td>\n<h5>Rancho Folclorico Estrelas da Manh\u00e3<\/h5>\n<p><strong>Morada: <\/strong>Andorinha<br \/>\n<strong>Telefone: <\/strong><br \/>\n<strong>Email: <\/strong><br \/>\n<strong>URL: <\/strong><br \/>\n<strong>Descri\u00e7\u00e3o: <\/strong> Historial de Andorinha e Rancho Folcl\u00f3rico \u201c Estrelas da Manh\u00e3\u201d Andorinha \u00e9 uma pequena aldeia situada entre a Serra da Estrela e a Serra do Caramulo, que pertence ao Concelho de Oliveira do Hospital e Freguesia De Travanca de Lagos. Antigamente vivia do trabalho de campo. Era o gado que criavam, e os produtos que a terra produzia, tais como: o centeio, a cevada, o milho, a batata e o feij\u00e3o, entre outros, que permitiam \u00e0s fam\u00edlias a sua sobreviv\u00eancia. Actualmente, a agricultura \u00e9 apenas um meio de subsist\u00eancia. No ano de 1997, em brincadeiras carnavalescas surge a ideia de formar um pequeno rancho com os jovens da terra de Andorinha para desfilar apenas no dia de Carnaval. Assim, em 12 de Dezembro de 1997, surge o \u201c Rancho Folcl\u00f3rico Estrela da Manh\u00e3\u201d, cujo nome deriva de um rancho do ano de 1953. Este Rancho tenta preservar os costumes dos nossos antepassados, sendo as m\u00fasicas e dan\u00e7as recolhidas entre as pessoas idosas da nossa aldeia. Assim os nossos trajes representam as v\u00e1rias actividades que nesse tempo existiam, tais como: os romeiros, os canastreiros, os apanhadores de azeitona, os vindimadores, os pedreiros, entre outros.<\/td>\n<\/tr>\n<\/tbody>\n<\/table>\n","protected":false},"excerpt":{"rendered":"<p>Colectividades Associa\u00e7\u00e3o Desportiva de Travanca de Lagos Morada: Telefone: Email: adtl@jf-travancadelagos.pt URL: Descri\u00e7\u00e3o: Liga de Iniciativa e Melhoramento de Travanca de Lagos Morada: Telefone: Email: limtl@jf-travancadelagos.pt URL: Descri\u00e7\u00e3o: Grupo Dinamizador e cultural de Travanca de Lagos Morada: Telefone: Email: gdctl@jf-travancadelagos.pt URL: Descri\u00e7\u00e3o: Liga de Melhoramentos de Andorinha Morada: Telefone: Email: lma@jf-travancadelagos.pt URL: Descri\u00e7\u00e3o: Comiss\u00e3o de [&hellip;]<\/p>\n","protected":false},"author":1,"featured_media":0,"parent":65,"menu_order":3,"comment_status":"open","ping_status":"open","template":"","meta":{"ngg_post_thumbnail":0},"_links":{"self":[{"href":"https:\/\/www.jf-travancadelagos.pt\/index.php\/wp-json\/wp\/v2\/pages\/73"}],"collection":[{"href":"https:\/\/www.jf-travancadelagos.pt\/index.php\/wp-json\/wp\/v2\/pages"}],"about":[{"href":"https:\/\/www.jf-travancadelagos.pt\/index.php\/wp-json\/wp\/v2\/types\/page"}],"author":[{"embeddable":true,"href":"https:\/\/www.jf-travancadelagos.pt\/index.php\/wp-json\/wp\/v2\/users\/1"}],"replies":[{"embeddable":true,"href":"https:\/\/www.jf-travancadelagos.pt\/index.php\/wp-json\/wp\/v2\/comments?post=73"}],"version-history":[{"count":1,"href":"https:\/\/www.jf-travancadelagos.pt\/index.php\/wp-json\/wp\/v2\/pages\/73\/revisions"}],"predecessor-version":[{"id":74,"href":"https:\/\/www.jf-travancadelagos.pt\/index.php\/wp-json\/wp\/v2\/pages\/73\/revisions\/74"}],"up":[{"embeddable":true,"href":"https:\/\/www.jf-travancadelagos.pt\/index.php\/wp-json\/wp\/v2\/pages\/65"}],"wp:attachment":[{"href":"https:\/\/www.jf-travancadelagos.pt\/index.php\/wp-json\/wp\/v2\/media?parent=73"}],"curies":[{"name":"wp","href":"https:\/\/api.w.org\/{rel}","templated":true}]}}